{"id":27,"date":"2023-02-28T15:19:53","date_gmt":"2023-02-28T15:19:53","guid":{"rendered":"http:\/\/tejidosfidalgo.com\/beta\/our-story\/"},"modified":"2023-02-28T15:19:53","modified_gmt":"2023-02-28T15:19:53","slug":"our-story","status":"publish","type":"page","link":"http:\/\/tejidosfidalgo.com\/beta\/our-story\/","title":{"rendered":"Novia"},"content":{"rendered":"\n<div class=\"wp-block-columns is-layout-flex wp-container-core-columns-is-layout-9d6595d7 wp-block-columns-is-layout-flex\">\n<div class=\"wp-block-column is-layout-flow wp-block-column-is-layout-flow\" style=\"flex-basis:66.66%\">\n<p>Avanzando un paso m\u00e1s, hemos ampliado un ambiente dedicado al mundo de la novia en una selecci\u00f3n de tejidos y accesorios pensados al detalle para que consigas un modelo \u00fanico.<\/p>\n\n\n\n<p>Desde el momento que decides organizar tu boda, escoge tu idea y encontrar\u00e1s tejidos muy ricos que podr\u00e1s mezclar entre s\u00ed, para conseguir un vestido m\u00e1gico cre\u00e1ndolo paso a paso desde tu can-can pasando por tus accesorios favoritos como: Cinturones de Pedrer\u00eda, Broches, Peinetas, Tocados, Velos, Mantillas y tus zapatos forrados y bordados con el dise\u00f1o m\u00e1s original.<\/p>\n\n\n\n<p>Para los Ni\u00f1os de Arras no sabr\u00edas que escoger con nuestra amplia colecci\u00f3n de tejidos, incluso en la misma gama crom\u00e1tica.<\/p>\n\n\n\n<p>Te mostramos algunos de ellos, \u00a1pero hay muchos m\u00e1s! Tan bonitos y especiales\u2026<\/p>\n\n\n\n<p>Chantillys, Guipoures, Gazares, Plumet\u00eds, Pedrer\u00edas, Mikados, Organd\u00eds, Organzas, Gasas, Dupiones, Terciopelos, Pieles de pelo natural y sint\u00e9ticas, Blondas, Otomanes, Sedas naturales, Brocados con hilos dorados y plateados.<\/p>\n\n\n\n<p>Te vestimos paso a paso desde tu can-can pasando por tus accesorios favoritos como:&nbsp;Cinturones de pedrer\u00edas, Broches, Peinetas, Tocados, Velos, Mantillas y tus zapatos forrados y bordados con el dise\u00f1o m\u00e1s original.<\/p>\n<\/div>\n\n\n\n<div class=\"wp-block-column is-layout-flow wp-block-column-is-layout-flow\" style=\"flex-basis:33.33%\">\n<div class=\"alignnormal\"><div id=\"metaslider-id-101\" style=\"width: 100%;\" class=\"ml-slider-3-28-3 metaslider metaslider-nivo metaslider-101 ml-slider\">\n    <div id=\"metaslider_container_101\">\n        <div class='slider-wrapper theme-default'><div class='ribbon'><\/div><div id='metaslider_101' class='nivoSlider'><img loading=\"lazy\" decoding=\"async\" src=\"http:\/\/tejidosfidalgo.com\/beta\/wp-content\/uploads\/2023\/03\/18032015-_MOA6892-1-400x600.jpg\" height=\"600\" width=\"400\" title=\"18032015-_MOA6892\" alt=\"\" class=\"slider-101 slide-202\" \/><img loading=\"lazy\" decoding=\"async\" src=\"http:\/\/tejidosfidalgo.com\/beta\/wp-content\/uploads\/2023\/03\/18032015-_MOA6904-1-400x600.jpg\" height=\"600\" width=\"400\" title=\"18032015-_MOA6904\" alt=\"\" class=\"slider-101 slide-203\" \/><img loading=\"lazy\" decoding=\"async\" src=\"http:\/\/tejidosfidalgo.com\/beta\/wp-content\/uploads\/2023\/03\/18032015-_MOA6923-1-400x600.jpg\" height=\"600\" width=\"400\" title=\"18032015-_MOA6923\" alt=\"\" class=\"slider-101 slide-204\" \/><img loading=\"lazy\" decoding=\"async\" src=\"http:\/\/tejidosfidalgo.com\/beta\/wp-content\/uploads\/2023\/03\/18032015-_MOA6927-1-400x600.jpg\" height=\"600\" width=\"400\" title=\"18032015-_MOA6927\" alt=\"\" class=\"slider-101 slide-205\" \/><img loading=\"lazy\" decoding=\"async\" src=\"http:\/\/tejidosfidalgo.com\/beta\/wp-content\/uploads\/2023\/03\/18032015-_MOA6931-2-400x600.jpg\" height=\"600\" width=\"400\" title=\"18032015-_MOA6931\" alt=\"\" class=\"slider-101 slide-206\" \/><img loading=\"lazy\" decoding=\"async\" src=\"http:\/\/tejidosfidalgo.com\/beta\/wp-content\/uploads\/2023\/03\/18032015-_MOA6959-1-400x600.jpg\" height=\"600\" width=\"400\" title=\"18032015-_MOA6959\" alt=\"\" class=\"slider-101 slide-207\" \/><\/div><\/div>\n        \n    <\/div>\n<\/div><\/div>\n<\/div>\n<\/div>\n","protected":false},"excerpt":{"rendered":"<p>Avanzando un paso m\u00e1s, hemos ampliado un ambiente dedicado al mundo de la novia en una selecci\u00f3n de tejidos y accesorios pensados al detalle para que consigas un modelo \u00fanico. Desde el momento que decides organizar tu boda, escoge tu idea y encontrar\u00e1s tejidos muy ricos que podr\u00e1s mezclar entre s\u00ed, para conseguir un vestido [&hellip;]<\/p>\n","protected":false},"author":1,"featured_media":30,"parent":0,"menu_order":0,"comment_status":"closed","ping_status":"closed","template":"","meta":{"footnotes":""},"class_list":["post-27","page","type-page","status-publish","has-post-thumbnail","hentry","entry","has-media"],"_links":{"self":[{"href":"http:\/\/tejidosfidalgo.com\/beta\/wp-json\/wp\/v2\/pages\/27","targetHints":{"allow":["GET"]}}],"collection":[{"href":"http:\/\/tejidosfidalgo.com\/beta\/wp-json\/wp\/v2\/pages"}],"about":[{"href":"http:\/\/tejidosfidalgo.com\/beta\/wp-json\/wp\/v2\/types\/page"}],"author":[{"embeddable":true,"href":"http:\/\/tejidosfidalgo.com\/beta\/wp-json\/wp\/v2\/users\/1"}],"replies":[{"embeddable":true,"href":"http:\/\/tejidosfidalgo.com\/beta\/wp-json\/wp\/v2\/comments?post=27"}],"version-history":[{"count":0,"href":"http:\/\/tejidosfidalgo.com\/beta\/wp-json\/wp\/v2\/pages\/27\/revisions"}],"wp:featuredmedia":[{"embeddable":true,"href":"http:\/\/tejidosfidalgo.com\/beta\/wp-json\/"}],"wp:attachment":[{"href":"http:\/\/tejidosfidalgo.com\/beta\/wp-json\/wp\/v2\/media?parent=27"}],"curies":[{"name":"wp","href":"https:\/\/api.w.org\/{rel}","templated":true}]}}