{"id":31,"date":"2023-02-28T15:19:53","date_gmt":"2023-02-28T15:19:53","guid":{"rendered":"http:\/\/tejidosfidalgo.com\/beta\/home\/"},"modified":"2023-02-28T15:19:53","modified_gmt":"2023-02-28T15:19:53","slug":"home","status":"publish","type":"page","link":"http:\/\/tejidosfidalgo.com\/beta\/","title":{"rendered":"Inicio"},"content":{"rendered":"\n<div class=\"wp-block-columns is-layout-flex wp-container-core-columns-is-layout-9d6595d7 wp-block-columns-is-layout-flex\">\n<div class=\"wp-block-column is-layout-flow wp-block-column-is-layout-flow\" style=\"flex-basis:66.66%\">\n<p><strong>Tejidos Fidalgo<\/strong> <strong>fundada en 1986<\/strong>&nbsp;tiene a su disposici\u00f3n un equipo de profesionales para ese modelo de&nbsp;Alta Costura, con el cual hab\u00edas so\u00f1ado, puedas realizarlo.<\/p>\n\n\n\n<p>Contamos con un diverso stock de productos y un sin fin de&nbsp;propuestas&nbsp;a la hora de servirte como cat\u00e1logo de compra.<\/p>\n\n\n\n<p>Disponemos tejidos utilizados por&nbsp;dise\u00f1adores nacionales&nbsp;e&nbsp;internacionales&nbsp;y tejidos exclusivos confeccionados&nbsp;para&nbsp;&nbsp;&nbsp;&nbsp;&nbsp;&nbsp;&nbsp;&nbsp;&nbsp;&nbsp;&nbsp;&nbsp;&nbsp;&nbsp;&nbsp;.<\/p>\n\n\n\n<p>Disponemos de&nbsp;<strong>pieles naturales&nbsp;de&nbsp;napa&nbsp;y&nbsp;pelo<\/strong>&nbsp;para hacer tu prenda m\u00e1s exclusiva e incluso complementos y dise\u00f1os&nbsp;con la creaci\u00f3n propia&nbsp;y mezclas personalizadas para cada cliente de&nbsp;tocados, mantillas,&nbsp;velos&nbsp;y chales.<\/p>\n\n\n\n<p>Hacemos tu&nbsp;cartera&nbsp;y forramos zapatos con el tejido que tu escojas para que sean&nbsp;\u00fanicos.<\/p>\n<\/div>\n\n\n\n<div class=\"wp-block-column is-layout-flow wp-block-column-is-layout-flow\" style=\"flex-basis:33.33%\">\n<div class=\"alignnormal\"><div id=\"metaslider-id-131\" style=\"width: 100%;\" class=\"ml-slider-3-28-3 metaslider metaslider-nivo metaslider-131 ml-slider\">\n    <div id=\"metaslider_container_131\">\n        <div class='slider-wrapper theme-default'><div class='ribbon'><\/div><div id='metaslider_131' class='nivoSlider'><img loading=\"lazy\" decoding=\"async\" src=\"http:\/\/tejidosfidalgo.com\/beta\/wp-content\/uploads\/2023\/03\/18032015-_MOA6842-1-400x400.jpg\" height=\"400\" width=\"400\" title=\"18032015-_MOA6842\" alt=\"\" class=\"slider-131 slide-220\" \/><img loading=\"lazy\" decoding=\"async\" src=\"http:\/\/tejidosfidalgo.com\/beta\/wp-content\/uploads\/2023\/03\/18032015-_MOA6927-1-400x400.jpg\" height=\"400\" width=\"400\" title=\"18032015-_MOA6927\" alt=\"\" class=\"slider-131 slide-221\" \/><img loading=\"lazy\" decoding=\"async\" src=\"http:\/\/tejidosfidalgo.com\/beta\/wp-content\/uploads\/2023\/03\/18032015-_MOA6859-1-400x400.jpg\" height=\"400\" width=\"400\" title=\"18032015-_MOA6859\" alt=\"\" class=\"slider-131 slide-222\" \/><img loading=\"lazy\" decoding=\"async\" src=\"http:\/\/tejidosfidalgo.com\/beta\/wp-content\/uploads\/2023\/03\/18032015-_MOA6945-1-400x400.jpg\" height=\"400\" width=\"400\" title=\"18032015-_MOA6945\" alt=\"\" class=\"slider-131 slide-223\" \/><\/div><\/div>\n        \n    <\/div>\n<\/div><\/div>\n<\/div>\n<\/div>\n","protected":false},"excerpt":{"rendered":"<p>Tejidos Fidalgo fundada en 1986&nbsp;tiene a su disposici\u00f3n un equipo de profesionales para ese modelo de&nbsp;Alta Costura, con el cual hab\u00edas so\u00f1ado, puedas realizarlo. Contamos con un diverso stock de productos y un sin fin de&nbsp;propuestas&nbsp;a la hora de servirte como cat\u00e1logo de compra. Disponemos tejidos utilizados por&nbsp;dise\u00f1adores nacionales&nbsp;e&nbsp;internacionales&nbsp;y tejidos exclusivos confeccionados&nbsp;para&nbsp;&nbsp;&nbsp;&nbsp;&nbsp;&nbsp;&nbsp;&nbsp;&nbsp;&nbsp;&nbsp;&nbsp;&nbsp;&nbsp;&nbsp;. Disponemos de&nbsp;pieles naturales&nbsp;de&nbsp;napa&nbsp;y&nbsp;pelo&nbsp;para [&hellip;]<\/p>\n","protected":false},"author":1,"featured_media":36,"parent":0,"menu_order":0,"comment_status":"closed","ping_status":"closed","template":"","meta":{"footnotes":""},"class_list":["post-31","page","type-page","status-publish","has-post-thumbnail","hentry","entry","has-media"],"_links":{"self":[{"href":"http:\/\/tejidosfidalgo.com\/beta\/wp-json\/wp\/v2\/pages\/31","targetHints":{"allow":["GET"]}}],"collection":[{"href":"http:\/\/tejidosfidalgo.com\/beta\/wp-json\/wp\/v2\/pages"}],"about":[{"href":"http:\/\/tejidosfidalgo.com\/beta\/wp-json\/wp\/v2\/types\/page"}],"author":[{"embeddable":true,"href":"http:\/\/tejidosfidalgo.com\/beta\/wp-json\/wp\/v2\/users\/1"}],"replies":[{"embeddable":true,"href":"http:\/\/tejidosfidalgo.com\/beta\/wp-json\/wp\/v2\/comments?post=31"}],"version-history":[{"count":0,"href":"http:\/\/tejidosfidalgo.com\/beta\/wp-json\/wp\/v2\/pages\/31\/revisions"}],"wp:featuredmedia":[{"embeddable":true,"href":"http:\/\/tejidosfidalgo.com\/beta\/wp-json\/"}],"wp:attachment":[{"href":"http:\/\/tejidosfidalgo.com\/beta\/wp-json\/wp\/v2\/media?parent=31"}],"curies":[{"name":"wp","href":"https:\/\/api.w.org\/{rel}","templated":true}]}}